{"id":1578,"date":"2024-09-26T13:39:59","date_gmt":"2024-09-26T10:39:59","guid":{"rendered":"https:\/\/eldiman.com\/?page_id=1578"},"modified":"2024-09-26T16:09:01","modified_gmt":"2024-09-26T13:09:01","slug":"ueber-uns","status":"publish","type":"page","link":"https:\/\/eldiman.com\/de\/ueber-uns\/","title":{"rendered":"\u00dcber uns"},"content":{"rendered":"\t\t<div data-elementor-type=\"wp-page\" data-elementor-id=\"1578\" class=\"elementor elementor-1578 elementor-321\" data-elementor-post-type=\"page\">\n\t\t\t\t\t\t<section class=\"elementor-section elementor-top-section elementor-element elementor-element-ff8af0a elementor-section-stretched elementor-section-height-min-height elementor-section-boxed elementor-section-height-default elementor-section-items-middle\" data-id=\"ff8af0a\" data-element_type=\"section\" data-e-type=\"section\" data-settings=\"{&quot;stretch_section&quot;:&quot;section-stretched&quot;,&quot;background_background&quot;:&quot;classic&quot;}\">\n\t\t\t\t\t\t\t<div class=\"elementor-background-overlay\"><\/div>\n\t\t\t\t\t\t\t<div class=\"elementor-container elementor-column-gap-extended\">\n\t\t\t\t\t<div class=\"elementor-column elementor-col-100 elementor-top-column elementor-element elementor-element-990427c\" data-id=\"990427c\" data-element_type=\"column\" data-e-type=\"column\">\n\t\t\t<div class=\"elementor-widget-wrap elementor-element-populated\">\n\t\t\t\t\t\t<div class=\"elementor-element elementor-element-bbd0c7b elementor-widget elementor-widget-heading\" data-id=\"bbd0c7b\" data-element_type=\"widget\" data-e-type=\"widget\" data-widget_type=\"heading.default\">\n\t\t\t\t<div class=\"elementor-widget-container\">\n\t\t\t\t\t<h2 class=\"elementor-heading-title elementor-size-default\">Eldiman Property Management<\/h2>\t\t\t\t<\/div>\n\t\t\t\t<\/div>\n\t\t\t\t<div class=\"elementor-element elementor-element-4d8427a elementor-widget elementor-widget-heading\" data-id=\"4d8427a\" data-element_type=\"widget\" data-e-type=\"widget\" data-widget_type=\"heading.default\">\n\t\t\t\t<div class=\"elementor-widget-container\">\n\t\t\t\t\t<h1 class=\"elementor-heading-title elementor-size-default\">\u00dcber uns<\/h1>\t\t\t\t<\/div>\n\t\t\t\t<\/div>\n\t\t\t\t\t<\/div>\n\t\t<\/div>\n\t\t\t\t\t<\/div>\n\t\t<\/section>\n\t\t\t\t<section class=\"elementor-section elementor-top-section elementor-element elementor-element-ec94c0d elementor-section-boxed elementor-section-height-default elementor-section-height-default\" data-id=\"ec94c0d\" data-element_type=\"section\" data-e-type=\"section\" data-settings=\"{&quot;background_background&quot;:&quot;classic&quot;}\">\n\t\t\t\t\t\t\t<div class=\"elementor-background-overlay\"><\/div>\n\t\t\t\t\t\t\t<div class=\"elementor-container elementor-column-gap-extended\">\n\t\t\t\t\t<div class=\"elementor-column elementor-col-33 elementor-top-column elementor-element elementor-element-287edff\" data-id=\"287edff\" data-element_type=\"column\" data-e-type=\"column\">\n\t\t\t<div class=\"elementor-widget-wrap elementor-element-populated\">\n\t\t\t\t\t\t<div class=\"elementor-element elementor-element-e6afc24 elementor-widget elementor-widget-heading\" data-id=\"e6afc24\" data-element_type=\"widget\" data-e-type=\"widget\" data-widget_type=\"heading.default\">\n\t\t\t\t<div class=\"elementor-widget-container\">\n\t\t\t\t\t<h1 class=\"elementor-heading-title elementor-size-default\">Unsere Firma<\/h1>\t\t\t\t<\/div>\n\t\t\t\t<\/div>\n\t\t\t\t<div class=\"elementor-element elementor-element-537cde8 elementor-widget elementor-widget-text-editor\" data-id=\"537cde8\" data-element_type=\"widget\" data-e-type=\"widget\" data-widget_type=\"text-editor.default\">\n\t\t\t\t<div class=\"elementor-widget-container\">\n\t\t\t\t\t\t\t\t\t<p>Wir m\u00f6chten Sie herzlich bei Eldiman Limited begr\u00fc\u00dfen. Das Unternehmen befindet sich im Besitz von Mitgliedern der 3. Generation der Familie Lordos, deren Geschichte bis in das Jahr 1936 zur\u00fcckreicht.<\/p><p>Die Familie ist in den Bereichen Handel, Grundst\u00fcckserwerb und -erschlie\u00dfung, Immobilienbau (D.G. Lordos Estates Ltd), Immobilienentwicklung (Lordos Contracta), Immobilien- und Geb\u00e4udemanagement (L.F.M. LIMITED), Hotelbesitz und Hotelmanagement (Lordos Hotels (Holdings) Public Ltd) t\u00e4tig.<\/p>\t\t\t\t\t\t\t\t<\/div>\n\t\t\t\t<\/div>\n\t\t\t\t\t<\/div>\n\t\t<\/div>\n\t\t\t\t<div class=\"elementor-column elementor-col-33 elementor-top-column elementor-element elementor-element-fd54cdc\" data-id=\"fd54cdc\" data-element_type=\"column\" data-e-type=\"column\">\n\t\t\t<div class=\"elementor-widget-wrap elementor-element-populated\">\n\t\t\t\t\t\t<div class=\"elementor-element elementor-element-daed7d2 elementor-widget elementor-widget-text-editor\" data-id=\"daed7d2\" data-element_type=\"widget\" data-e-type=\"widget\" data-widget_type=\"text-editor.default\">\n\t\t\t\t<div class=\"elementor-widget-container\">\n\t\t\t\t\t\t\t\t\t<div class=\"fusion-text\"><p>Wir bieten die folgenden Dienstleistungen an:<\/p><ul><li>Immobilienverwaltung<\/li><li>Concierge-Service<\/li><li>Instandhaltung<\/li><li>Design &amp; Renovierung<\/li><li>Geb\u00e4udeverwaltung &amp; Kostenmanagement<\/li><\/ul><\/div>\t\t\t\t\t\t\t\t<\/div>\n\t\t\t\t<\/div>\n\t\t\t\t\t<\/div>\n\t\t<\/div>\n\t\t\t\t<div class=\"elementor-column elementor-col-33 elementor-top-column elementor-element elementor-element-b6224e9\" data-id=\"b6224e9\" data-element_type=\"column\" data-e-type=\"column\">\n\t\t\t<div class=\"elementor-widget-wrap elementor-element-populated\">\n\t\t\t\t\t\t<div class=\"elementor-element elementor-element-458ff97 elementor-widget elementor-widget-image\" data-id=\"458ff97\" data-element_type=\"widget\" data-e-type=\"widget\" data-widget_type=\"image.default\">\n\t\t\t\t<div class=\"elementor-widget-container\">\n\t\t\t\t\t\t\t\t\t\t\t\t\t\t\t\t<a href=\"\/wp-content\/uploads\/2021\/08\/Eldiman-Property-Management-Brochure.pdf\" target=\"_blank\">\n\t\t\t\t\t\t\t<img fetchpriority=\"high\" decoding=\"async\" width=\"225\" height=\"300\" src=\"https:\/\/eldiman.com\/wp-content\/uploads\/2021\/08\/our-brochure-225x300.jpg\" class=\"attachment-medium size-medium wp-image-927\" alt=\"\" srcset=\"https:\/\/eldiman.com\/wp-content\/uploads\/2021\/08\/our-brochure-225x300.jpg 225w, https:\/\/eldiman.com\/wp-content\/uploads\/2021\/08\/our-brochure.jpg 563w\" sizes=\"(max-width: 225px) 100vw, 225px\" \/>\t\t\t\t\t\t\t\t<\/a>\n\t\t\t\t\t\t\t\t\t\t\t\t\t\t\t<\/div>\n\t\t\t\t<\/div>\n\t\t\t\t<div class=\"elementor-element elementor-element-60dddea elementor-mobile-align-justify elementor-align-justify elementor-widget elementor-widget-button\" data-id=\"60dddea\" data-element_type=\"widget\" data-e-type=\"widget\" data-widget_type=\"button.default\">\n\t\t\t\t<div class=\"elementor-widget-container\">\n\t\t\t\t\t\t\t\t\t<div class=\"elementor-button-wrapper\">\n\t\t\t\t\t<a class=\"elementor-button elementor-button-link elementor-size-sm\" href=\"\/wp-content\/uploads\/2021\/08\/Eldiman-Property-Management-Brochure.pdf\" target=\"_blank\">\n\t\t\t\t\t\t<span class=\"elementor-button-content-wrapper\">\n\t\t\t\t\t\t\t\t\t<span class=\"elementor-button-text\">Brosch\u00fcre herunterladen<\/span>\n\t\t\t\t\t<\/span>\n\t\t\t\t\t<\/a>\n\t\t\t\t<\/div>\n\t\t\t\t\t\t\t\t<\/div>\n\t\t\t\t<\/div>\n\t\t\t\t\t<\/div>\n\t\t<\/div>\n\t\t\t\t\t<\/div>\n\t\t<\/section>\n\t\t\t\t<section class=\"elementor-section elementor-top-section elementor-element elementor-element-58e614a9 elementor-section-stretched elementor-section-boxed elementor-section-height-default elementor-section-height-default\" data-id=\"58e614a9\" data-element_type=\"section\" data-e-type=\"section\" data-settings=\"{&quot;stretch_section&quot;:&quot;section-stretched&quot;,&quot;background_background&quot;:&quot;classic&quot;}\">\n\t\t\t\t\t\t\t<div class=\"elementor-background-overlay\"><\/div>\n\t\t\t\t\t\t\t<div class=\"elementor-container elementor-column-gap-extended\">\n\t\t\t\t\t<div class=\"elementor-column elementor-col-100 elementor-top-column elementor-element elementor-element-294bb84b\" data-id=\"294bb84b\" data-element_type=\"column\" data-e-type=\"column\">\n\t\t\t<div class=\"elementor-widget-wrap elementor-element-populated\">\n\t\t\t\t\t\t<div class=\"elementor-element elementor-element-5b11fd61 elementor-widget elementor-widget-heading\" data-id=\"5b11fd61\" data-element_type=\"widget\" data-e-type=\"widget\" data-widget_type=\"heading.default\">\n\t\t\t\t<div class=\"elementor-widget-container\">\n\t\t\t\t\t<h1 class=\"elementor-heading-title elementor-size-default\">\u00dcberlassen Sie alles <span style=\"color:#f1e2ca\">uns...<\/span>\n<\/h1>\t\t\t\t<\/div>\n\t\t\t\t<\/div>\n\t\t\t\t<div class=\"elementor-element elementor-element-7cba6518 elementor-mobile-align-justify elementor-widget elementor-widget-button\" data-id=\"7cba6518\" data-element_type=\"widget\" data-e-type=\"widget\" data-widget_type=\"button.default\">\n\t\t\t\t<div class=\"elementor-widget-container\">\n\t\t\t\t\t\t\t\t\t<div class=\"elementor-button-wrapper\">\n\t\t\t\t\t<a class=\"elementor-button elementor-button-link elementor-size-sm\" href=\"https:\/\/eldiman.com\/de\/kontakt\/\">\n\t\t\t\t\t\t<span class=\"elementor-button-content-wrapper\">\n\t\t\t\t\t\t\t\t\t<span class=\"elementor-button-text\">Lassen Sie uns zusammenarbeiten<\/span>\n\t\t\t\t\t<\/span>\n\t\t\t\t\t<\/a>\n\t\t\t\t<\/div>\n\t\t\t\t\t\t\t\t<\/div>\n\t\t\t\t<\/div>\n\t\t\t\t\t<\/div>\n\t\t<\/div>\n\t\t\t\t\t<\/div>\n\t\t<\/section>\n\t\t\t\t<\/div>\n\t\t","protected":false},"excerpt":{"rendered":"<p>Eldiman Property Management \u00dcber uns Unsere Firma Wir m\u00f6chten Sie herzlich bei Eldiman Limited begr\u00fc\u00dfen. Das Unternehmen befindet sich im Besitz von Mitgliedern der 3. Generation der Familie Lordos, deren Geschichte bis in das Jahr 1936 zur\u00fcckreicht. Die Familie ist in den Bereichen Handel, Grundst\u00fcckserwerb und -erschlie\u00dfung, Immobilienbau (D.G. Lordos Estates Ltd), Immobilienentwicklung (Lordos Contracta), [&hellip;]<\/p>\n","protected":false},"author":3,"featured_media":0,"parent":0,"menu_order":0,"comment_status":"closed","ping_status":"closed","template":"","meta":{"footnotes":""},"class_list":["post-1578","page","type-page","status-publish","hentry"],"yoast_head":"<!-- This site is optimized with the Yoast SEO plugin v27.4 - https:\/\/yoast.com\/product\/yoast-seo-wordpress\/ -->\n<title>\u00dcber uns - Eldiman<\/title>\n<meta name=\"robots\" content=\"index, follow, max-snippet:-1, max-image-preview:large, max-video-preview:-1\" \/>\n<link rel=\"canonical\" href=\"https:\/\/eldiman.com\/de\/ueber-uns\/\" \/>\n<meta property=\"og:locale\" content=\"de_DE\" \/>\n<meta property=\"og:type\" content=\"article\" \/>\n<meta property=\"og:title\" content=\"\u00dcber uns - Eldiman\" \/>\n<meta property=\"og:description\" content=\"Eldiman Property Management \u00dcber uns Unsere Firma Wir m\u00f6chten Sie herzlich bei Eldiman Limited begr\u00fc\u00dfen. Das Unternehmen befindet sich im Besitz von Mitgliedern der 3. Generation der Familie Lordos, deren Geschichte bis in das Jahr 1936 zur\u00fcckreicht. Die Familie ist in den Bereichen Handel, Grundst\u00fcckserwerb und -erschlie\u00dfung, Immobilienbau (D.G. Lordos Estates Ltd), Immobilienentwicklung (Lordos Contracta), [&hellip;]\" \/>\n<meta property=\"og:url\" content=\"https:\/\/eldiman.com\/de\/ueber-uns\/\" \/>\n<meta property=\"og:site_name\" content=\"Eldiman\" \/>\n<meta property=\"article:modified_time\" content=\"2024-09-26T13:09:01+00:00\" \/>\n<meta property=\"og:image\" content=\"https:\/\/eldiman.com\/wp-content\/uploads\/2021\/08\/our-brochure-225x300.jpg\" \/>\n<meta name=\"twitter:card\" content=\"summary_large_image\" \/>\n<meta name=\"twitter:label1\" content=\"Gesch\u00e4tzte Lesezeit\" \/>\n\t<meta name=\"twitter:data1\" content=\"1\u00a0Minute\" \/>\n<script type=\"application\/ld+json\" class=\"yoast-schema-graph\">{\"@context\":\"https:\\\/\\\/schema.org\",\"@graph\":[{\"@type\":\"WebPage\",\"@id\":\"https:\\\/\\\/eldiman.com\\\/de\\\/ueber-uns\\\/\",\"url\":\"https:\\\/\\\/eldiman.com\\\/de\\\/ueber-uns\\\/\",\"name\":\"\u00dcber uns - Eldiman\",\"isPartOf\":{\"@id\":\"https:\\\/\\\/eldiman.com\\\/#website\"},\"primaryImageOfPage\":{\"@id\":\"https:\\\/\\\/eldiman.com\\\/de\\\/ueber-uns\\\/#primaryimage\"},\"image\":{\"@id\":\"https:\\\/\\\/eldiman.com\\\/de\\\/ueber-uns\\\/#primaryimage\"},\"thumbnailUrl\":\"https:\\\/\\\/eldiman.com\\\/wp-content\\\/uploads\\\/2021\\\/08\\\/our-brochure-225x300.jpg\",\"datePublished\":\"2024-09-26T10:39:59+00:00\",\"dateModified\":\"2024-09-26T13:09:01+00:00\",\"breadcrumb\":{\"@id\":\"https:\\\/\\\/eldiman.com\\\/de\\\/ueber-uns\\\/#breadcrumb\"},\"inLanguage\":\"de\",\"potentialAction\":[{\"@type\":\"ReadAction\",\"target\":[\"https:\\\/\\\/eldiman.com\\\/de\\\/ueber-uns\\\/\"]}]},{\"@type\":\"ImageObject\",\"inLanguage\":\"de\",\"@id\":\"https:\\\/\\\/eldiman.com\\\/de\\\/ueber-uns\\\/#primaryimage\",\"url\":\"https:\\\/\\\/eldiman.com\\\/wp-content\\\/uploads\\\/2021\\\/08\\\/our-brochure-225x300.jpg\",\"contentUrl\":\"https:\\\/\\\/eldiman.com\\\/wp-content\\\/uploads\\\/2021\\\/08\\\/our-brochure-225x300.jpg\"},{\"@type\":\"BreadcrumbList\",\"@id\":\"https:\\\/\\\/eldiman.com\\\/de\\\/ueber-uns\\\/#breadcrumb\",\"itemListElement\":[{\"@type\":\"ListItem\",\"position\":1,\"name\":\"Home\",\"item\":\"https:\\\/\\\/eldiman.com\\\/de\\\/\"},{\"@type\":\"ListItem\",\"position\":2,\"name\":\"\u00dcber uns\"}]},{\"@type\":\"WebSite\",\"@id\":\"https:\\\/\\\/eldiman.com\\\/#website\",\"url\":\"https:\\\/\\\/eldiman.com\\\/\",\"name\":\"Eldiman\",\"description\":\"Just another WordPress site\",\"publisher\":{\"@id\":\"https:\\\/\\\/eldiman.com\\\/#organization\"},\"potentialAction\":[{\"@type\":\"SearchAction\",\"target\":{\"@type\":\"EntryPoint\",\"urlTemplate\":\"https:\\\/\\\/eldiman.com\\\/?s={search_term_string}\"},\"query-input\":{\"@type\":\"PropertyValueSpecification\",\"valueRequired\":true,\"valueName\":\"search_term_string\"}}],\"inLanguage\":\"de\"},{\"@type\":\"Organization\",\"@id\":\"https:\\\/\\\/eldiman.com\\\/#organization\",\"name\":\"Eldiman Limited\",\"url\":\"https:\\\/\\\/eldiman.com\\\/\",\"logo\":{\"@type\":\"ImageObject\",\"inLanguage\":\"de\",\"@id\":\"https:\\\/\\\/eldiman.com\\\/#\\\/schema\\\/logo\\\/image\\\/\",\"url\":\"https:\\\/\\\/eldiman.com\\\/wp-content\\\/uploads\\\/2021\\\/07\\\/logo.png\",\"contentUrl\":\"https:\\\/\\\/eldiman.com\\\/wp-content\\\/uploads\\\/2021\\\/07\\\/logo.png\",\"width\":1445,\"height\":322,\"caption\":\"Eldiman Limited\"},\"image\":{\"@id\":\"https:\\\/\\\/eldiman.com\\\/#\\\/schema\\\/logo\\\/image\\\/\"}}]}<\/script>\n<!-- \/ Yoast SEO plugin. -->","yoast_head_json":{"title":"\u00dcber uns - Eldiman","robots":{"index":"index","follow":"follow","max-snippet":"max-snippet:-1","max-image-preview":"max-image-preview:large","max-video-preview":"max-video-preview:-1"},"canonical":"https:\/\/eldiman.com\/de\/ueber-uns\/","og_locale":"de_DE","og_type":"article","og_title":"\u00dcber uns - Eldiman","og_description":"Eldiman Property Management \u00dcber uns Unsere Firma Wir m\u00f6chten Sie herzlich bei Eldiman Limited begr\u00fc\u00dfen. Das Unternehmen befindet sich im Besitz von Mitgliedern der 3. Generation der Familie Lordos, deren Geschichte bis in das Jahr 1936 zur\u00fcckreicht. Die Familie ist in den Bereichen Handel, Grundst\u00fcckserwerb und -erschlie\u00dfung, Immobilienbau (D.G. Lordos Estates Ltd), Immobilienentwicklung (Lordos Contracta), [&hellip;]","og_url":"https:\/\/eldiman.com\/de\/ueber-uns\/","og_site_name":"Eldiman","article_modified_time":"2024-09-26T13:09:01+00:00","og_image":[{"url":"https:\/\/eldiman.com\/wp-content\/uploads\/2021\/08\/our-brochure-225x300.jpg","type":"","width":"","height":""}],"twitter_card":"summary_large_image","twitter_misc":{"Gesch\u00e4tzte Lesezeit":"1\u00a0Minute"},"schema":{"@context":"https:\/\/schema.org","@graph":[{"@type":"WebPage","@id":"https:\/\/eldiman.com\/de\/ueber-uns\/","url":"https:\/\/eldiman.com\/de\/ueber-uns\/","name":"\u00dcber uns - Eldiman","isPartOf":{"@id":"https:\/\/eldiman.com\/#website"},"primaryImageOfPage":{"@id":"https:\/\/eldiman.com\/de\/ueber-uns\/#primaryimage"},"image":{"@id":"https:\/\/eldiman.com\/de\/ueber-uns\/#primaryimage"},"thumbnailUrl":"https:\/\/eldiman.com\/wp-content\/uploads\/2021\/08\/our-brochure-225x300.jpg","datePublished":"2024-09-26T10:39:59+00:00","dateModified":"2024-09-26T13:09:01+00:00","breadcrumb":{"@id":"https:\/\/eldiman.com\/de\/ueber-uns\/#breadcrumb"},"inLanguage":"de","potentialAction":[{"@type":"ReadAction","target":["https:\/\/eldiman.com\/de\/ueber-uns\/"]}]},{"@type":"ImageObject","inLanguage":"de","@id":"https:\/\/eldiman.com\/de\/ueber-uns\/#primaryimage","url":"https:\/\/eldiman.com\/wp-content\/uploads\/2021\/08\/our-brochure-225x300.jpg","contentUrl":"https:\/\/eldiman.com\/wp-content\/uploads\/2021\/08\/our-brochure-225x300.jpg"},{"@type":"BreadcrumbList","@id":"https:\/\/eldiman.com\/de\/ueber-uns\/#breadcrumb","itemListElement":[{"@type":"ListItem","position":1,"name":"Home","item":"https:\/\/eldiman.com\/de\/"},{"@type":"ListItem","position":2,"name":"\u00dcber uns"}]},{"@type":"WebSite","@id":"https:\/\/eldiman.com\/#website","url":"https:\/\/eldiman.com\/","name":"Eldiman","description":"Just another WordPress site","publisher":{"@id":"https:\/\/eldiman.com\/#organization"},"potentialAction":[{"@type":"SearchAction","target":{"@type":"EntryPoint","urlTemplate":"https:\/\/eldiman.com\/?s={search_term_string}"},"query-input":{"@type":"PropertyValueSpecification","valueRequired":true,"valueName":"search_term_string"}}],"inLanguage":"de"},{"@type":"Organization","@id":"https:\/\/eldiman.com\/#organization","name":"Eldiman Limited","url":"https:\/\/eldiman.com\/","logo":{"@type":"ImageObject","inLanguage":"de","@id":"https:\/\/eldiman.com\/#\/schema\/logo\/image\/","url":"https:\/\/eldiman.com\/wp-content\/uploads\/2021\/07\/logo.png","contentUrl":"https:\/\/eldiman.com\/wp-content\/uploads\/2021\/07\/logo.png","width":1445,"height":322,"caption":"Eldiman Limited"},"image":{"@id":"https:\/\/eldiman.com\/#\/schema\/logo\/image\/"}}]}},"_links":{"self":[{"href":"https:\/\/eldiman.com\/de\/wp-json\/wp\/v2\/pages\/1578","targetHints":{"allow":["GET"]}}],"collection":[{"href":"https:\/\/eldiman.com\/de\/wp-json\/wp\/v2\/pages"}],"about":[{"href":"https:\/\/eldiman.com\/de\/wp-json\/wp\/v2\/types\/page"}],"author":[{"embeddable":true,"href":"https:\/\/eldiman.com\/de\/wp-json\/wp\/v2\/users\/3"}],"replies":[{"embeddable":true,"href":"https:\/\/eldiman.com\/de\/wp-json\/wp\/v2\/comments?post=1578"}],"version-history":[{"count":11,"href":"https:\/\/eldiman.com\/de\/wp-json\/wp\/v2\/pages\/1578\/revisions"}],"predecessor-version":[{"id":1685,"href":"https:\/\/eldiman.com\/de\/wp-json\/wp\/v2\/pages\/1578\/revisions\/1685"}],"wp:attachment":[{"href":"https:\/\/eldiman.com\/de\/wp-json\/wp\/v2\/media?parent=1578"}],"curies":[{"name":"wp","href":"https:\/\/api.w.org\/{rel}","templated":true}]}}